


{"id":15,"date":"2022-10-19T07:10:16","date_gmt":"2022-10-19T07:10:16","guid":{"rendered":"https:\/\/www.konobamarjan\/?page_id=15"},"modified":"2022-11-18T10:43:43","modified_gmt":"2022-11-18T10:43:43","slug":"o-nama","status":"publish","type":"page","link":"https:\/\/www.konobamarjan.hr\/en\/o-nama\/","title":{"rendered":"About us"},"content":{"rendered":"<main>\n    \n        <section class=\"about\">\n    \n\n                        <div class=\"wrapper\">\n    \n                           \n                           \n                        <h2 class=\"title-dark\">About us<\/h2>\n\n\n                        <div class=\"container\">\n                                   \n                                    <div class=\"card\">\n\n                                        <div class=\"card-image card1\"><\/div>\n                                        <h3>Owner<\/h3>\n                                        <p>Josip Bo\u017ei\u0107-\u0160tuli\u0107<\/p>\n\n                                    <\/div>\n\n                                    <div class=\"card\">\n\n                                        <div class=\"card-image card2\"><\/div>\n                                        <h3>Chef<\/h3>\n                                        <p>Ivan Nikoli\u0107<\/p>\n\n                                    <\/div>\n\n                                    <div class=\"card\">\n\n                                        <div class=\"card-image card3\"><\/div>\n                                        <h3>Sous Chef<\/h3>\n                                        <p>Bo\u017ee Erceg<\/p>\n\n                                    <\/div>\n\n                        <\/div>\n                          \n                    \n                       \n                    \n                        <\/div>\n    \n                  \n                \n        <\/section>\n    \n    \n    <\/main>","protected":false},"excerpt":{"rendered":"<p>O nama Vlasnik Josip Bo\u017ei\u0107-\u0160tuli\u0107 Chef Ivan Nikoli\u0107 Sous Chef Bo\u017ee Erceg<\/p>","protected":false},"author":1,"featured_media":0,"parent":0,"menu_order":0,"comment_status":"closed","ping_status":"closed","template":"","meta":{"footnotes":""},"class_list":["post-15","page","type-page","status-publish","hentry"],"yoast_head":"<!-- This site is optimized with the Yoast SEO plugin v24.9 - https:\/\/yoast.com\/wordpress\/plugins\/seo\/ -->\n<title>O nama - Konoba Marjan<\/title>\n<meta name=\"robots\" content=\"index, follow, max-snippet:-1, max-image-preview:large, max-video-preview:-1\" \/>\n<link rel=\"canonical\" href=\"https:\/\/www.konobamarjan.hr\/en\/o-nama\/\" \/>\n<meta property=\"og:locale\" content=\"en_GB\" \/>\n<meta property=\"og:type\" content=\"article\" \/>\n<meta property=\"og:title\" content=\"O nama - Konoba Marjan\" \/>\n<meta property=\"og:description\" content=\"O nama Vlasnik Josip Bo\u017ei\u0107-\u0160tuli\u0107 Chef Ivan Nikoli\u0107 Sous Chef Bo\u017ee Erceg\" \/>\n<meta property=\"og:url\" content=\"https:\/\/www.konobamarjan.hr\/en\/o-nama\/\" \/>\n<meta property=\"og:site_name\" content=\"Konoba Marjan\" \/>\n<meta property=\"article:publisher\" content=\"https:\/\/www.facebook.com\/KonobaMarjan\" \/>\n<meta property=\"article:modified_time\" content=\"2022-11-18T10:43:43+00:00\" \/>\n<meta name=\"twitter:card\" content=\"summary_large_image\" \/>\n<script type=\"application\/ld+json\" class=\"yoast-schema-graph\">{\"@context\":\"https:\/\/schema.org\",\"@graph\":[{\"@type\":\"WebPage\",\"@id\":\"https:\/\/www.konobamarjan.hr\/o-nama\/\",\"url\":\"https:\/\/www.konobamarjan.hr\/o-nama\/\",\"name\":\"O nama - Konoba Marjan\",\"isPartOf\":{\"@id\":\"https:\/\/www.konobamarjan.hr\/#website\"},\"datePublished\":\"2022-10-19T07:10:16+00:00\",\"dateModified\":\"2022-11-18T10:43:43+00:00\",\"breadcrumb\":{\"@id\":\"https:\/\/www.konobamarjan.hr\/o-nama\/#breadcrumb\"},\"inLanguage\":\"en-GB\",\"potentialAction\":[{\"@type\":\"ReadAction\",\"target\":[\"https:\/\/www.konobamarjan.hr\/o-nama\/\"]}]},{\"@type\":\"BreadcrumbList\",\"@id\":\"https:\/\/www.konobamarjan.hr\/o-nama\/#breadcrumb\",\"itemListElement\":[{\"@type\":\"ListItem\",\"position\":1,\"name\":\"Home\",\"item\":\"https:\/\/www.konobamarjan.hr\/\"},{\"@type\":\"ListItem\",\"position\":2,\"name\":\"O nama\"}]},{\"@type\":\"WebSite\",\"@id\":\"https:\/\/www.konobamarjan.hr\/#website\",\"url\":\"https:\/\/www.konobamarjan.hr\/\",\"name\":\"Konoba Marjan\",\"description\":\"Obiteljski riblji restoran\",\"publisher\":{\"@id\":\"https:\/\/www.konobamarjan.hr\/#organization\"},\"potentialAction\":[{\"@type\":\"SearchAction\",\"target\":{\"@type\":\"EntryPoint\",\"urlTemplate\":\"https:\/\/www.konobamarjan.hr\/?s={search_term_string}\"},\"query-input\":{\"@type\":\"PropertyValueSpecification\",\"valueRequired\":true,\"valueName\":\"search_term_string\"}}],\"inLanguage\":\"en-GB\"},{\"@type\":\"Organization\",\"@id\":\"https:\/\/www.konobamarjan.hr\/#organization\",\"name\":\"Konoba Marjan\",\"alternateName\":\"Konoba Marjan\",\"url\":\"https:\/\/www.konobamarjan.hr\/\",\"logo\":{\"@type\":\"ImageObject\",\"inLanguage\":\"en-GB\",\"@id\":\"https:\/\/www.konobamarjan.hr\/#\/schema\/logo\/image\/\",\"url\":\"https:\/\/www.konobamarjan.hr\/wp-content\/uploads\/2022\/10\/konobamarjanlogo_dark.png\",\"contentUrl\":\"https:\/\/www.konobamarjan.hr\/wp-content\/uploads\/2022\/10\/konobamarjanlogo_dark.png\",\"width\":1080,\"height\":1080,\"caption\":\"Konoba Marjan\"},\"image\":{\"@id\":\"https:\/\/www.konobamarjan.hr\/#\/schema\/logo\/image\/\"},\"sameAs\":[\"https:\/\/www.facebook.com\/KonobaMarjan\",\"https:\/\/www.instagram.com\/konobamarjan\/\"]}]}<\/script>\n<!-- \/ Yoast SEO plugin. -->","yoast_head_json":{"title":"O nama - Konoba Marjan","robots":{"index":"index","follow":"follow","max-snippet":"max-snippet:-1","max-image-preview":"max-image-preview:large","max-video-preview":"max-video-preview:-1"},"canonical":"https:\/\/www.konobamarjan.hr\/en\/o-nama\/","og_locale":"en_GB","og_type":"article","og_title":"O nama - Konoba Marjan","og_description":"O nama Vlasnik Josip Bo\u017ei\u0107-\u0160tuli\u0107 Chef Ivan Nikoli\u0107 Sous Chef Bo\u017ee Erceg","og_url":"https:\/\/www.konobamarjan.hr\/en\/o-nama\/","og_site_name":"Konoba Marjan","article_publisher":"https:\/\/www.facebook.com\/KonobaMarjan","article_modified_time":"2022-11-18T10:43:43+00:00","twitter_card":"summary_large_image","schema":{"@context":"https:\/\/schema.org","@graph":[{"@type":"WebPage","@id":"https:\/\/www.konobamarjan.hr\/o-nama\/","url":"https:\/\/www.konobamarjan.hr\/o-nama\/","name":"O nama - Konoba Marjan","isPartOf":{"@id":"https:\/\/www.konobamarjan.hr\/#website"},"datePublished":"2022-10-19T07:10:16+00:00","dateModified":"2022-11-18T10:43:43+00:00","breadcrumb":{"@id":"https:\/\/www.konobamarjan.hr\/o-nama\/#breadcrumb"},"inLanguage":"en-GB","potentialAction":[{"@type":"ReadAction","target":["https:\/\/www.konobamarjan.hr\/o-nama\/"]}]},{"@type":"BreadcrumbList","@id":"https:\/\/www.konobamarjan.hr\/o-nama\/#breadcrumb","itemListElement":[{"@type":"ListItem","position":1,"name":"Home","item":"https:\/\/www.konobamarjan.hr\/"},{"@type":"ListItem","position":2,"name":"O nama"}]},{"@type":"WebSite","@id":"https:\/\/www.konobamarjan.hr\/#website","url":"https:\/\/www.konobamarjan.hr\/","name":"Konoba Marjan","description":"Obiteljski riblji restoran","publisher":{"@id":"https:\/\/www.konobamarjan.hr\/#organization"},"potentialAction":[{"@type":"SearchAction","target":{"@type":"EntryPoint","urlTemplate":"https:\/\/www.konobamarjan.hr\/?s={search_term_string}"},"query-input":{"@type":"PropertyValueSpecification","valueRequired":true,"valueName":"search_term_string"}}],"inLanguage":"en-GB"},{"@type":"Organization","@id":"https:\/\/www.konobamarjan.hr\/#organization","name":"Konoba Marjan","alternateName":"Konoba Marjan","url":"https:\/\/www.konobamarjan.hr\/","logo":{"@type":"ImageObject","inLanguage":"en-GB","@id":"https:\/\/www.konobamarjan.hr\/#\/schema\/logo\/image\/","url":"https:\/\/www.konobamarjan.hr\/wp-content\/uploads\/2022\/10\/konobamarjanlogo_dark.png","contentUrl":"https:\/\/www.konobamarjan.hr\/wp-content\/uploads\/2022\/10\/konobamarjanlogo_dark.png","width":1080,"height":1080,"caption":"Konoba Marjan"},"image":{"@id":"https:\/\/www.konobamarjan.hr\/#\/schema\/logo\/image\/"},"sameAs":["https:\/\/www.facebook.com\/KonobaMarjan","https:\/\/www.instagram.com\/konobamarjan\/"]}]}},"_links":{"self":[{"href":"https:\/\/www.konobamarjan.hr\/en\/wp-json\/wp\/v2\/pages\/15","targetHints":{"allow":["GET"]}}],"collection":[{"href":"https:\/\/www.konobamarjan.hr\/en\/wp-json\/wp\/v2\/pages"}],"about":[{"href":"https:\/\/www.konobamarjan.hr\/en\/wp-json\/wp\/v2\/types\/page"}],"author":[{"embeddable":true,"href":"https:\/\/www.konobamarjan.hr\/en\/wp-json\/wp\/v2\/users\/1"}],"replies":[{"embeddable":true,"href":"https:\/\/www.konobamarjan.hr\/en\/wp-json\/wp\/v2\/comments?post=15"}],"version-history":[{"count":8,"href":"https:\/\/www.konobamarjan.hr\/en\/wp-json\/wp\/v2\/pages\/15\/revisions"}],"predecessor-version":[{"id":120,"href":"https:\/\/www.konobamarjan.hr\/en\/wp-json\/wp\/v2\/pages\/15\/revisions\/120"}],"wp:attachment":[{"href":"https:\/\/www.konobamarjan.hr\/en\/wp-json\/wp\/v2\/media?parent=15"}],"curies":[{"name":"wp","href":"https:\/\/api.w.org\/{rel}","templated":true}]}}