


{"id":7,"date":"2022-10-18T13:24:37","date_gmt":"2022-10-18T13:24:37","guid":{"rendered":"https:\/\/www.konobamarjan\/?page_id=7"},"modified":"2025-11-06T15:12:36","modified_gmt":"2025-11-06T15:12:36","slug":"pocetna","status":"publish","type":"page","link":"https:\/\/www.konobamarjan.hr\/en\/","title":{"rendered":"Po\u010detna"},"content":{"rendered":"<main>\n    \n    <section class=\"mainContent\">\n\n            \n\n\n                <div class=\"hero\">\n\n\n                    <div class=\"wrapper\">\n\n                        <a href=\"https:\/\/www.konobamarjan.hr\/en\/\"><img decoding=\"async\" src=\"https:\/\/www.konobamarjan.hr\/wp-content\/themes\/marjanrest\/assets\/images\/konobamarjanlogo_light.png\"><\/a>\n                        <h2>TRADITION ON YOUR TABLE<\/h2>\n                        <p><span class=\"subtext\">A family tradition that provides the best from the sea. A superb offer of fish dishes in the heart of Split.<\/span><\/p>\n                        \n                        <a href=\"https:\/\/www.i-host.gr\/Reservations\/New?restaurant=2271&#038;channel=website&#038;lang=eng\"><div class=\"buttonCall\"><span class=\"button\"><\/span>RESERVE<\/div><\/a>\n\n                        <a href=\"https:\/\/www.konobamarjan.hr\/en\/meni\/\"><div class=\"buttonCall\"><span class=\"button\"><\/span>MENU<\/div><\/a>\n                \n                    <\/div>\n                \n                    <\/div>\n\n\n            \n    <\/section>\n\n   <div class=\"wrapper\">\n\n    <section class=\"content-ltr\">\n\n\n                    <div class=\"boxL\">\n                    <h2 class=\"title-dark\">About us<\/h2>\n                    <hr class=\"title-lineL\">\n                    <p class=\"translation-block\">Tavern Marjan is located in the very center of Split in the old city quarter \"Varo\u0161\" with a tradition now longer than 20 years. It provides the best from the sea that our fishermen can offer. <br><br>\n                    This family restaurant was established in 2001, when married couple Marija and Ivan Bo\u017ei\u0107-\u0160tuli\u0107 opened the doors of Konoba Marjan full of enthusiasm. <br>\n                    <br>\n                        Even today Konoba Marjan, under the leadership of his son Josip, operates in the same way.<\/p>\n\n                    <a href=\"https:\/\/www.konobamarjan.hr\/en\/o-nama\/\"><div class=\"buttonCall-dark\"><span class=\"button\"><\/span>MORE<\/div><\/a>\n                    \n\n                    <\/div>\n\n                    <div class=\"food-image food1\">\n                        \n                    <\/div>\n              \n\n\n\n\n        \n    <\/section> \n   \n\n   <section class=\"content-rtl\">\n\n\n            <div class=\"boxR\">\n            <h2 class=\"title-dark\">Recipe<\/h2>\n            <hr class=\"title-lineR\">\n            <p class=\"translation-block\">A simple Dalmatian recipe in which the freshness of our local ingredients our key direction, with which we want to remind every guest of the primordial food of our grandparents and the diligent and calloused hands of our fishermen and farmers. <br><br>As the old proverb says, \"the new is born from the old, from what used to be\", we nurture a tradition that preserves quality but also maintains every standard of modern world cuisine.<\/p>\n\n            <a href=\"https:\/\/www.konobamarjan.hr\/en\/o-nama\/\"><div class=\"buttonCall-dark\"><span class=\"button\"><\/span>MORE<\/div><\/a>\n\n            <\/div>\n       \n            <div class=\"food-image food2\">\n                        \n            <\/div>\n\n\n\n\n\n<\/section>\n\n\n\n\n\n\n<section class=\"map\">\n<h2 class=\"title-dark\">Location<\/h2>\n<p>Find us in the very center of Split, on the popular \u0160perun.<\/p>\n\n<iframe src=\"https:\/\/www.google.com\/maps\/embed?pb=!1m14!1m8!1m3!1d11574.825340729352!2d16.434456!3d43.5084614!3m2!1i1024!2i768!4f13.1!3m3!1m2!1s0x0%3A0x7c5dfa958ce9374e!2sKonoba%20Marjan!5e0!3m2!1sen!2shr!4v1666700079860!5m2!1sen!2shr\" width=\"600\" height=\"450\" style=\"border:0;\" allowfullscreen=\"\" loading=\"lazy\" referrerpolicy=\"no-referrer-when-downgrade\"><\/iframe>\n\n<\/section>\n\n\n\n\n\n\n\n<section class=\"gallerySection\">\n\n    <h2 class=\"title-dark\">Gallery<\/h2>\n\n    <div class=\"gallery\">\n\n        <div>\n        <img decoding=\"async\" src=\"https:\/\/www.konobamarjan.hr\/wp-content\/themes\/marjanrest\/assets\/images\/gal1.jpg\">\n        <\/div>\n\n        <div class=\"v-stretch\">\n        <img decoding=\"async\" src=\"https:\/\/www.konobamarjan.hr\/wp-content\/themes\/marjanrest\/assets\/images\/gal2.jpg\">\n        <\/div>\n\n        <div class=\"h-stretch\">\n        <img decoding=\"async\" src=\"https:\/\/www.konobamarjan.hr\/wp-content\/themes\/marjanrest\/assets\/images\/gal3.jpg\">\n        <\/div>\n\n        <div>\n        <img decoding=\"async\" src=\"https:\/\/www.konobamarjan.hr\/wp-content\/themes\/marjanrest\/assets\/images\/gal4.jpg\">\n        <\/div>  \n        \n        <div>\n        <img decoding=\"async\" src=\"https:\/\/www.konobamarjan.hr\/wp-content\/themes\/marjanrest\/assets\/images\/gal5.jpg\">\n        <\/div>\n\n        <div class=\"v-stretch\">\n        <img decoding=\"async\" src=\"https:\/\/www.konobamarjan.hr\/wp-content\/themes\/marjanrest\/assets\/images\/gal6.jpg\">\n        <\/div>\n\n                \n        <div class=\"big-stretch\">\n        <img decoding=\"async\" src=\"https:\/\/www.konobamarjan.hr\/wp-content\/themes\/marjanrest\/assets\/images\/gal7.jpg\">\n        <\/div>\n\n        <div>\n        <img decoding=\"async\" src=\"https:\/\/www.konobamarjan.hr\/wp-content\/themes\/marjanrest\/assets\/images\/gal8.jpg\">\n        <\/div>\n                 \n        \n        <div>\n        <img decoding=\"async\" src=\"https:\/\/www.konobamarjan.hr\/wp-content\/themes\/marjanrest\/assets\/images\/gal9.jpg\">\n        <\/div>\n\n        <div class=\"h-stretch\">\n        <img decoding=\"async\" src=\"https:\/\/www.konobamarjan.hr\/wp-content\/themes\/marjanrest\/assets\/images\/gal10.jpg\">\n        <\/div>\n\n        <div>\n        <img decoding=\"async\" src=\"https:\/\/www.konobamarjan.hr\/wp-content\/themes\/marjanrest\/assets\/images\/gal11.jpg\">\n        <\/div>\n\n        <div class=\"h-stretch\">\n        <img decoding=\"async\" src=\"https:\/\/www.konobamarjan.hr\/wp-content\/themes\/marjanrest\/assets\/images\/gal12.jpg\">\n        <\/div>\n\n       \n\n    <\/div>\n\n\n\n\n<\/section>\n\n    <\/div> \n\n\n\n\n\n\n\n<\/main>","protected":false},"excerpt":{"rendered":"<p>TRADICIJA NA VA\u0160EM STOLU Obiteljska tradicija koja pru\u017ea ono najbolje iz mora. Vrhunska ponuda ribljih jela u samom srcu Splita. REZERVIRAJ MENU O nama Konoba Marjan se nalazi u samom centru Splita u staroj gradskoj \u010detvrti &#8220;Varo\u0161&#8221; sa tradicijom sada ve\u0107 du\u017eom od 20 godina. Pru\u017ea najbolje iz mora \u0161to na\u0161i ribari mogu ponuditi. Ovaj [&hellip;]<\/p>","protected":false},"author":1,"featured_media":0,"parent":0,"menu_order":0,"comment_status":"closed","ping_status":"closed","template":"","meta":{"footnotes":""},"class_list":["post-7","page","type-page","status-publish","hentry"],"yoast_head":"<!-- This site is optimized with the Yoast SEO plugin v24.9 - https:\/\/yoast.com\/wordpress\/plugins\/seo\/ -->\n<title>Po\u010detna - Konoba Marjan<\/title>\n<meta name=\"robots\" content=\"index, follow, max-snippet:-1, max-image-preview:large, max-video-preview:-1\" \/>\n<link rel=\"canonical\" href=\"https:\/\/www.konobamarjan.hr\/en\/\" \/>\n<meta property=\"og:locale\" content=\"en_GB\" \/>\n<meta property=\"og:type\" content=\"article\" \/>\n<meta property=\"og:title\" content=\"Po\u010detna - Konoba Marjan\" \/>\n<meta property=\"og:description\" content=\"TRADICIJA NA VA\u0160EM STOLU Obiteljska tradicija koja pru\u017ea ono najbolje iz mora. Vrhunska ponuda ribljih jela u samom srcu Splita. REZERVIRAJ MENU O nama Konoba Marjan se nalazi u samom centru Splita u staroj gradskoj \u010detvrti &#8220;Varo\u0161&#8221; sa tradicijom sada ve\u0107 du\u017eom od 20 godina. Pru\u017ea najbolje iz mora \u0161to na\u0161i ribari mogu ponuditi. Ovaj [&hellip;]\" \/>\n<meta property=\"og:url\" content=\"https:\/\/www.konobamarjan.hr\/en\/\" \/>\n<meta property=\"og:site_name\" content=\"Konoba Marjan\" \/>\n<meta property=\"article:publisher\" content=\"https:\/\/www.facebook.com\/KonobaMarjan\" \/>\n<meta property=\"article:modified_time\" content=\"2025-11-06T15:12:36+00:00\" \/>\n<meta property=\"og:image\" content=\"https:\/\/www.konobamarjan.hr\/wp-content\/themes\/marjanrest\/assets\/images\/konobamarjanlogo_light.png\" \/>\n<meta name=\"twitter:card\" content=\"summary_large_image\" \/>\n<meta name=\"twitter:label1\" content=\"Estimated reading time\" \/>\n\t<meta name=\"twitter:data1\" content=\"4 minutes\" \/>\n<script type=\"application\/ld+json\" class=\"yoast-schema-graph\">{\"@context\":\"https:\/\/schema.org\",\"@graph\":[{\"@type\":\"WebPage\",\"@id\":\"https:\/\/www.konobamarjan.hr\/\",\"url\":\"https:\/\/www.konobamarjan.hr\/\",\"name\":\"Po\u010detna - Konoba Marjan\",\"isPartOf\":{\"@id\":\"https:\/\/www.konobamarjan.hr\/#website\"},\"primaryImageOfPage\":{\"@id\":\"https:\/\/www.konobamarjan.hr\/#primaryimage\"},\"image\":{\"@id\":\"https:\/\/www.konobamarjan.hr\/#primaryimage\"},\"thumbnailUrl\":\"https:\/\/www.konobamarjan.hr\/wp-content\/themes\/marjanrest\/assets\/images\/konobamarjanlogo_light.png\",\"datePublished\":\"2022-10-18T13:24:37+00:00\",\"dateModified\":\"2025-11-06T15:12:36+00:00\",\"breadcrumb\":{\"@id\":\"https:\/\/www.konobamarjan.hr\/#breadcrumb\"},\"inLanguage\":\"en-GB\",\"potentialAction\":[{\"@type\":\"ReadAction\",\"target\":[\"https:\/\/www.konobamarjan.hr\/\"]}]},{\"@type\":\"ImageObject\",\"inLanguage\":\"en-GB\",\"@id\":\"https:\/\/www.konobamarjan.hr\/#primaryimage\",\"url\":\"https:\/\/www.konobamarjan.hr\/wp-content\/themes\/marjanrest\/assets\/images\/konobamarjanlogo_light.png\",\"contentUrl\":\"https:\/\/www.konobamarjan.hr\/wp-content\/themes\/marjanrest\/assets\/images\/konobamarjanlogo_light.png\"},{\"@type\":\"BreadcrumbList\",\"@id\":\"https:\/\/www.konobamarjan.hr\/#breadcrumb\",\"itemListElement\":[{\"@type\":\"ListItem\",\"position\":1,\"name\":\"Home\",\"item\":\"https:\/\/www.konobamarjan.hr\/\"},{\"@type\":\"ListItem\",\"position\":2,\"name\":\"Po\u010detna\"}]},{\"@type\":\"WebSite\",\"@id\":\"https:\/\/www.konobamarjan.hr\/#website\",\"url\":\"https:\/\/www.konobamarjan.hr\/\",\"name\":\"Konoba Marjan\",\"description\":\"Obiteljski riblji restoran\",\"publisher\":{\"@id\":\"https:\/\/www.konobamarjan.hr\/#organization\"},\"potentialAction\":[{\"@type\":\"SearchAction\",\"target\":{\"@type\":\"EntryPoint\",\"urlTemplate\":\"https:\/\/www.konobamarjan.hr\/?s={search_term_string}\"},\"query-input\":{\"@type\":\"PropertyValueSpecification\",\"valueRequired\":true,\"valueName\":\"search_term_string\"}}],\"inLanguage\":\"en-GB\"},{\"@type\":\"Organization\",\"@id\":\"https:\/\/www.konobamarjan.hr\/#organization\",\"name\":\"Konoba Marjan\",\"alternateName\":\"Konoba Marjan\",\"url\":\"https:\/\/www.konobamarjan.hr\/\",\"logo\":{\"@type\":\"ImageObject\",\"inLanguage\":\"en-GB\",\"@id\":\"https:\/\/www.konobamarjan.hr\/#\/schema\/logo\/image\/\",\"url\":\"https:\/\/www.konobamarjan.hr\/wp-content\/uploads\/2022\/10\/konobamarjanlogo_dark.png\",\"contentUrl\":\"https:\/\/www.konobamarjan.hr\/wp-content\/uploads\/2022\/10\/konobamarjanlogo_dark.png\",\"width\":1080,\"height\":1080,\"caption\":\"Konoba Marjan\"},\"image\":{\"@id\":\"https:\/\/www.konobamarjan.hr\/#\/schema\/logo\/image\/\"},\"sameAs\":[\"https:\/\/www.facebook.com\/KonobaMarjan\",\"https:\/\/www.instagram.com\/konobamarjan\/\"]}]}<\/script>\n<!-- \/ Yoast SEO plugin. -->","yoast_head_json":{"title":"Po\u010detna - Konoba Marjan","robots":{"index":"index","follow":"follow","max-snippet":"max-snippet:-1","max-image-preview":"max-image-preview:large","max-video-preview":"max-video-preview:-1"},"canonical":"https:\/\/www.konobamarjan.hr\/en\/","og_locale":"en_GB","og_type":"article","og_title":"Po\u010detna - Konoba Marjan","og_description":"TRADICIJA NA VA\u0160EM STOLU Obiteljska tradicija koja pru\u017ea ono najbolje iz mora. Vrhunska ponuda ribljih jela u samom srcu Splita. REZERVIRAJ MENU O nama Konoba Marjan se nalazi u samom centru Splita u staroj gradskoj \u010detvrti &#8220;Varo\u0161&#8221; sa tradicijom sada ve\u0107 du\u017eom od 20 godina. Pru\u017ea najbolje iz mora \u0161to na\u0161i ribari mogu ponuditi. Ovaj [&hellip;]","og_url":"https:\/\/www.konobamarjan.hr\/en\/","og_site_name":"Konoba Marjan","article_publisher":"https:\/\/www.facebook.com\/KonobaMarjan","article_modified_time":"2025-11-06T15:12:36+00:00","og_image":[{"url":"https:\/\/www.konobamarjan.hr\/wp-content\/themes\/marjanrest\/assets\/images\/konobamarjanlogo_light.png","type":"","width":"","height":""}],"twitter_card":"summary_large_image","twitter_misc":{"Estimated reading time":"4 minutes"},"schema":{"@context":"https:\/\/schema.org","@graph":[{"@type":"WebPage","@id":"https:\/\/www.konobamarjan.hr\/","url":"https:\/\/www.konobamarjan.hr\/","name":"Po\u010detna - Konoba Marjan","isPartOf":{"@id":"https:\/\/www.konobamarjan.hr\/#website"},"primaryImageOfPage":{"@id":"https:\/\/www.konobamarjan.hr\/#primaryimage"},"image":{"@id":"https:\/\/www.konobamarjan.hr\/#primaryimage"},"thumbnailUrl":"https:\/\/www.konobamarjan.hr\/wp-content\/themes\/marjanrest\/assets\/images\/konobamarjanlogo_light.png","datePublished":"2022-10-18T13:24:37+00:00","dateModified":"2025-11-06T15:12:36+00:00","breadcrumb":{"@id":"https:\/\/www.konobamarjan.hr\/#breadcrumb"},"inLanguage":"en-GB","potentialAction":[{"@type":"ReadAction","target":["https:\/\/www.konobamarjan.hr\/"]}]},{"@type":"ImageObject","inLanguage":"en-GB","@id":"https:\/\/www.konobamarjan.hr\/#primaryimage","url":"https:\/\/www.konobamarjan.hr\/wp-content\/themes\/marjanrest\/assets\/images\/konobamarjanlogo_light.png","contentUrl":"https:\/\/www.konobamarjan.hr\/wp-content\/themes\/marjanrest\/assets\/images\/konobamarjanlogo_light.png"},{"@type":"BreadcrumbList","@id":"https:\/\/www.konobamarjan.hr\/#breadcrumb","itemListElement":[{"@type":"ListItem","position":1,"name":"Home","item":"https:\/\/www.konobamarjan.hr\/"},{"@type":"ListItem","position":2,"name":"Po\u010detna"}]},{"@type":"WebSite","@id":"https:\/\/www.konobamarjan.hr\/#website","url":"https:\/\/www.konobamarjan.hr\/","name":"Konoba Marjan","description":"Obiteljski riblji restoran","publisher":{"@id":"https:\/\/www.konobamarjan.hr\/#organization"},"potentialAction":[{"@type":"SearchAction","target":{"@type":"EntryPoint","urlTemplate":"https:\/\/www.konobamarjan.hr\/?s={search_term_string}"},"query-input":{"@type":"PropertyValueSpecification","valueRequired":true,"valueName":"search_term_string"}}],"inLanguage":"en-GB"},{"@type":"Organization","@id":"https:\/\/www.konobamarjan.hr\/#organization","name":"Konoba Marjan","alternateName":"Konoba Marjan","url":"https:\/\/www.konobamarjan.hr\/","logo":{"@type":"ImageObject","inLanguage":"en-GB","@id":"https:\/\/www.konobamarjan.hr\/#\/schema\/logo\/image\/","url":"https:\/\/www.konobamarjan.hr\/wp-content\/uploads\/2022\/10\/konobamarjanlogo_dark.png","contentUrl":"https:\/\/www.konobamarjan.hr\/wp-content\/uploads\/2022\/10\/konobamarjanlogo_dark.png","width":1080,"height":1080,"caption":"Konoba Marjan"},"image":{"@id":"https:\/\/www.konobamarjan.hr\/#\/schema\/logo\/image\/"},"sameAs":["https:\/\/www.facebook.com\/KonobaMarjan","https:\/\/www.instagram.com\/konobamarjan\/"]}]}},"_links":{"self":[{"href":"https:\/\/www.konobamarjan.hr\/en\/wp-json\/wp\/v2\/pages\/7","targetHints":{"allow":["GET"]}}],"collection":[{"href":"https:\/\/www.konobamarjan.hr\/en\/wp-json\/wp\/v2\/pages"}],"about":[{"href":"https:\/\/www.konobamarjan.hr\/en\/wp-json\/wp\/v2\/types\/page"}],"author":[{"embeddable":true,"href":"https:\/\/www.konobamarjan.hr\/en\/wp-json\/wp\/v2\/users\/1"}],"replies":[{"embeddable":true,"href":"https:\/\/www.konobamarjan.hr\/en\/wp-json\/wp\/v2\/comments?post=7"}],"version-history":[{"count":44,"href":"https:\/\/www.konobamarjan.hr\/en\/wp-json\/wp\/v2\/pages\/7\/revisions"}],"predecessor-version":[{"id":463,"href":"https:\/\/www.konobamarjan.hr\/en\/wp-json\/wp\/v2\/pages\/7\/revisions\/463"}],"wp:attachment":[{"href":"https:\/\/www.konobamarjan.hr\/en\/wp-json\/wp\/v2\/media?parent=7"}],"curies":[{"name":"wp","href":"https:\/\/api.w.org\/{rel}","templated":true}]}}